{"id":277,"date":"2025-09-12T14:27:46","date_gmt":"2025-09-12T12:27:46","guid":{"rendered":"https:\/\/wp.swiss4net.ch\/mentions-legales\/"},"modified":"2025-11-25T11:21:49","modified_gmt":"2025-11-25T10:21:49","slug":"mentions-legales","status":"publish","type":"page","link":"https:\/\/wp.swiss4net.ch\/fr\/mentions-legales\/","title":{"rendered":"Mentions l\u00e9gales"},"content":{"rendered":"\n<h1 class=\"wp-block-heading has-text-align-center\">MENTIONS L\u00c9GALES<\/h1>\n\n<h2 class=\"wp-block-heading\">Organisme responsable<\/h2>\n<style>.kb-row-layout-id77_877b96-4e > .kt-row-column-wrap{align-content:start;}:where(.kb-row-layout-id77_877b96-4e > .kt-row-column-wrap) > .wp-block-kadence-column{justify-content:start;}.kb-row-layout-id77_877b96-4e > .kt-row-column-wrap{column-gap:var(--global-kb-gap-md, 2rem);row-gap:var(--global-kb-gap-md, 2rem);padding-top:var(--global-kb-spacing-sm, 1.5rem);padding-bottom:var(--global-kb-spacing-sm, 1.5rem);grid-template-columns:repeat(2, minmax(0, 1fr));}.kb-row-layout-id77_877b96-4e > .kt-row-layout-overlay{opacity:0.30;}@media all and (max-width: 1024px){.kb-row-layout-id77_877b96-4e > .kt-row-column-wrap{grid-template-columns:repeat(2, minmax(0, 1fr));}}@media all and (max-width: 767px){.kb-row-layout-id77_877b96-4e > .kt-row-column-wrap{grid-template-columns:minmax(0, 1fr);}}<\/style><div class=\"kb-row-layout-wrap kb-row-layout-id77_877b96-4e alignnone wp-block-kadence-rowlayout\"><div class=\"kt-row-column-wrap kt-has-2-columns kt-row-layout-equal kt-tab-layout-inherit kt-mobile-layout-row kt-row-valign-top\">\n<style>.kadence-column77_2c5922-38 > .kt-inside-inner-col,.kadence-column77_2c5922-38 > .kt-inside-inner-col:before{border-top-left-radius:0px;border-top-right-radius:0px;border-bottom-right-radius:0px;border-bottom-left-radius:0px;}.kadence-column77_2c5922-38 > .kt-inside-inner-col{column-gap:var(--global-kb-gap-sm, 1rem);}.kadence-column77_2c5922-38 > .kt-inside-inner-col{flex-direction:column;}.kadence-column77_2c5922-38 > .kt-inside-inner-col > .aligncenter{width:100%;}.kadence-column77_2c5922-38 > .kt-inside-inner-col:before{opacity:0.3;}.kadence-column77_2c5922-38{position:relative;}@media all and (max-width: 1024px){.kadence-column77_2c5922-38 > .kt-inside-inner-col{flex-direction:column;justify-content:center;}}@media all and (max-width: 767px){.kadence-column77_2c5922-38 > .kt-inside-inner-col{flex-direction:column;justify-content:center;}}<\/style>\n<div class=\"wp-block-kadence-column kadence-column77_2c5922-38\"><div class=\"kt-inside-inner-col\">\n<h3 class=\"wp-block-heading\">Si\u00e8ge<\/h3>\n\n\n\n<p class=\"has-theme-palette-5-color has-text-color has-link-color wp-elements-83b9b0715b93ee17afc72937eedf6872\">Swiss4net Holding AG<br\/>Unterm\u00fcli 11<br\/>6302 Zug, Suisse<\/p>\n\n\n\n<p class=\"has-theme-palette-5-color has-text-color has-link-color wp-elements-ad21cf496d1675572b232aa49c51b533\">T\u00e9l\u00e9phone: +41 43 546 40 01<br\/>Courriel: <a href=\"mailto:info@swiss4neth.ch\">info[at]swiss4neth.ch<\/a><\/p>\n<\/div><\/div>\n\n\n<style>.kadence-column77_73217e-36 > .kt-inside-inner-col,.kadence-column77_73217e-36 > .kt-inside-inner-col:before{border-top-left-radius:0px;border-top-right-radius:0px;border-bottom-right-radius:0px;border-bottom-left-radius:0px;}.kadence-column77_73217e-36 > .kt-inside-inner-col{column-gap:var(--global-kb-gap-sm, 1rem);}.kadence-column77_73217e-36 > .kt-inside-inner-col{flex-direction:column;}.kadence-column77_73217e-36 > .kt-inside-inner-col > .aligncenter{width:100%;}.kadence-column77_73217e-36 > .kt-inside-inner-col:before{opacity:0.3;}.kadence-column77_73217e-36{position:relative;}@media all and (max-width: 1024px){.kadence-column77_73217e-36 > .kt-inside-inner-col{flex-direction:column;justify-content:center;}}@media all and (max-width: 767px){.kadence-column77_73217e-36 > .kt-inside-inner-col{flex-direction:column;justify-content:center;}}<\/style>\n<div class=\"wp-block-kadence-column kadence-column77_73217e-36\"><div class=\"kt-inside-inner-col\">\n<h3 class=\"wp-block-heading\">Repr\u00e9sent\u00e9e par<\/h3>\n\n\n\n<p><strong>Directeur g\u00e9n\u00e9ral \/ Conseil d&rsquo;administration<\/strong><br\/>Roger Heggli (D\u00e9l\u00e9gu\u00e9 \u00e0 la protection des donn\u00e9es)<\/p>\n\n\n<style>.wp-block-kadence-advancedheading.kt-adv-heading77_114a87-2b, .wp-block-kadence-advancedheading.kt-adv-heading77_114a87-2b[data-kb-block=\"kb-adv-heading77_114a87-2b\"]{font-style:normal;}.wp-block-kadence-advancedheading.kt-adv-heading77_114a87-2b mark.kt-highlight, .wp-block-kadence-advancedheading.kt-adv-heading77_114a87-2b[data-kb-block=\"kb-adv-heading77_114a87-2b\"] mark.kt-highlight{font-style:normal;color:#f76a0c;-webkit-box-decoration-break:clone;box-decoration-break:clone;padding-top:0px;padding-right:0px;padding-bottom:0px;padding-left:0px;}.wp-block-kadence-advancedheading.kt-adv-heading77_114a87-2b img.kb-inline-image, .wp-block-kadence-advancedheading.kt-adv-heading77_114a87-2b[data-kb-block=\"kb-adv-heading77_114a87-2b\"] img.kb-inline-image{width:150px;vertical-align:baseline;}<\/style>\n<p class=\"kt-adv-heading77_114a87-2b wp-block-kadence-advancedheading\" data-kb-block=\"kb-adv-heading77_114a87-2b\"><strong>Num\u00e9ros IDE \/ TVA<\/strong><br\/>Swiss4net Holding AG: CHE-471.121.429<br\/>Ascona4net SA: CHE-455.902.664<br\/>Baden4net AG: CHE-444.394.284<br\/>Chiasso4net SA: CHE-115.934.260<br\/>Massagno4net SA: CHE-488.335.789<br\/>Morges4net SA: CHE-472.222.518<br\/>Pully4net SA: CHE-233.406.657<br\/>Siggenthal4net AG: CHE-237.348.622<br\/>Wettingen4net AG: CHE-289.740.571<\/p>\n<\/div><\/div>\n\n<\/div><\/div><style>.wp-block-kadence-spacer.kt-block-spacer-77_626502-bf .kt-block-spacer{height:60px;}.wp-block-kadence-spacer.kt-block-spacer-77_626502-bf .kt-divider{border-top-width:1px;height:1px;border-top-color:#eee;width:80%;border-top-style:solid;}<\/style>\n<div class=\"wp-block-kadence-spacer aligncenter kt-block-spacer-77_626502-bf\"><div class=\"kt-block-spacer kt-block-spacer-halign-center\"><hr class=\"kt-divider\"\/><\/div><\/div>\n\n<h2 class=\"wp-block-heading\">Exclusion de responsabilit\u00e9<\/h2>\n<style>.wp-block-kadence-advancedheading.kt-adv-heading77_09d0b9-35, .wp-block-kadence-advancedheading.kt-adv-heading77_09d0b9-35[data-kb-block=\"kb-adv-heading77_09d0b9-35\"]{font-style:normal;}.wp-block-kadence-advancedheading.kt-adv-heading77_09d0b9-35 mark.kt-highlight, .wp-block-kadence-advancedheading.kt-adv-heading77_09d0b9-35[data-kb-block=\"kb-adv-heading77_09d0b9-35\"] mark.kt-highlight{font-style:normal;color:#f76a0c;-webkit-box-decoration-break:clone;box-decoration-break:clone;padding-top:0px;padding-right:0px;padding-bottom:0px;padding-left:0px;}.wp-block-kadence-advancedheading.kt-adv-heading77_09d0b9-35 img.kb-inline-image, .wp-block-kadence-advancedheading.kt-adv-heading77_09d0b9-35[data-kb-block=\"kb-adv-heading77_09d0b9-35\"] img.kb-inline-image{width:150px;vertical-align:baseline;}<\/style>\n<p class=\"kt-adv-heading77_09d0b9-35 wp-block-kadence-advancedheading\" data-kb-block=\"kb-adv-heading77_09d0b9-35\">L\u2019exploitant du site web ne saurait encourir une quelconque responsabilit\u00e9 quant \u00e0 la correction du contenu, l\u2018exactitude, le caract\u00e8re actuel, l\u2019exhaustivit\u00e9 ou la fiabilit\u00e9 des informations publi\u00e9es.<\/p>\n<style>.wp-block-kadence-advancedheading.kt-adv-heading77_7144a9-97, .wp-block-kadence-advancedheading.kt-adv-heading77_7144a9-97[data-kb-block=\"kb-adv-heading77_7144a9-97\"]{font-style:normal;}.wp-block-kadence-advancedheading.kt-adv-heading77_7144a9-97 mark.kt-highlight, .wp-block-kadence-advancedheading.kt-adv-heading77_7144a9-97[data-kb-block=\"kb-adv-heading77_7144a9-97\"] mark.kt-highlight{font-style:normal;color:#f76a0c;-webkit-box-decoration-break:clone;box-decoration-break:clone;padding-top:0px;padding-right:0px;padding-bottom:0px;padding-left:0px;}.wp-block-kadence-advancedheading.kt-adv-heading77_7144a9-97 img.kb-inline-image, .wp-block-kadence-advancedheading.kt-adv-heading77_7144a9-97[data-kb-block=\"kb-adv-heading77_7144a9-97\"] img.kb-inline-image{width:150px;vertical-align:baseline;}<\/style>\n<p class=\"kt-adv-heading77_7144a9-97 wp-block-kadence-advancedheading\" data-kb-block=\"kb-adv-heading77_7144a9-97\">Un quelconque recours en responsabilit\u00e9 \u00e0 l\u2019encontre de l\u2019exploitant du site web en cas de pr\u00e9judices mat\u00e9riels ou moraux de quelque sorte que ce soit, d\u00e9coulant de la consultation, de l\u2019 utilisation ou encore de la non-utilisation des donn\u00e9es mises \u00e0 disposition, d\u2019une mauvaise utilisation de la connexion internet ou d\u2019\u00e9ventuelles erreurs techniques, est exclu.<\/p>\n<style>.wp-block-kadence-advancedheading.kt-adv-heading77_149c09-23, .wp-block-kadence-advancedheading.kt-adv-heading77_149c09-23[data-kb-block=\"kb-adv-heading77_149c09-23\"]{font-style:normal;}.wp-block-kadence-advancedheading.kt-adv-heading77_149c09-23 mark.kt-highlight, .wp-block-kadence-advancedheading.kt-adv-heading77_149c09-23[data-kb-block=\"kb-adv-heading77_149c09-23\"] mark.kt-highlight{font-style:normal;color:#f76a0c;-webkit-box-decoration-break:clone;box-decoration-break:clone;padding-top:0px;padding-right:0px;padding-bottom:0px;padding-left:0px;}.wp-block-kadence-advancedheading.kt-adv-heading77_149c09-23 img.kb-inline-image, .wp-block-kadence-advancedheading.kt-adv-heading77_149c09-23[data-kb-block=\"kb-adv-heading77_149c09-23\"] img.kb-inline-image{width:150px;vertical-align:baseline;}<\/style>\n<p class=\"kt-adv-heading77_149c09-23 wp-block-kadence-advancedheading\" data-kb-block=\"kb-adv-heading77_149c09-23\">Toutes les offres publi\u00e9es ont un caract\u00e8re non contraignant. Les offres sont publi\u00e9es \u00e0 des fins purement informatives. L\u2019exploitant du site web est en droit de modifier, d\u2019\u00e9largir ou de supprimer des parties des sites web, voire l\u2019int\u00e9gralit\u00e9 du contenu sans pr\u00e9avis, ou d\u2019en suspendre la publication, en partie ou en totalit\u00e9.<\/p>\n\n<h2 class=\"wp-block-heading\">Responsabilit\u00e9 concernant les liens<\/h2>\n<style>.wp-block-kadence-advancedheading.kt-adv-heading77_f636e3-14, .wp-block-kadence-advancedheading.kt-adv-heading77_f636e3-14[data-kb-block=\"kb-adv-heading77_f636e3-14\"]{font-style:normal;}.wp-block-kadence-advancedheading.kt-adv-heading77_f636e3-14 mark.kt-highlight, .wp-block-kadence-advancedheading.kt-adv-heading77_f636e3-14[data-kb-block=\"kb-adv-heading77_f636e3-14\"] mark.kt-highlight{font-style:normal;color:#f76a0c;-webkit-box-decoration-break:clone;box-decoration-break:clone;padding-top:0px;padding-right:0px;padding-bottom:0px;padding-left:0px;}.wp-block-kadence-advancedheading.kt-adv-heading77_f636e3-14 img.kb-inline-image, .wp-block-kadence-advancedheading.kt-adv-heading77_f636e3-14[data-kb-block=\"kb-adv-heading77_f636e3-14\"] img.kb-inline-image{width:150px;vertical-align:baseline;}<\/style>\n<p class=\"kt-adv-heading77_f636e3-14 wp-block-kadence-advancedheading\" data-kb-block=\"kb-adv-heading77_f636e3-14\">Les liens vers des sites web d\u2019op\u00e9rateurs de t\u00e9l\u00e9communications tiers et les r\u00e9f\u00e9rences \u00e0 ceux-ci ne rel\u00e8vent pas de la responsabilit\u00e9 de l\u2019exploitant du site web. La soci\u00e9t\u00e9 d\u00e9cline toute responsabilit\u00e9 quant aux contenus de ces sites web. Vous acc\u00e9dez aux sites web d\u2019op\u00e9rateurs de t\u00e9l\u00e9communications tiers, consultez ou utilisez celles-ci \u00e0 vos propres risques. Toute responsabilit\u00e9 pour le contenu de ces sites web est rejet\u00e9e. Quiconque acc\u00e8de \u00e0 des sites web de tiers, les visite ou les utilise, le fait \u00e0 ses propres risques.<\/p>\n\n<h2 class=\"wp-block-heading\">Droits d\u2019auteur<\/h2>\n<style>.wp-block-kadence-advancedheading.kt-adv-heading77_abdb22-da, .wp-block-kadence-advancedheading.kt-adv-heading77_abdb22-da[data-kb-block=\"kb-adv-heading77_abdb22-da\"]{font-style:normal;}.wp-block-kadence-advancedheading.kt-adv-heading77_abdb22-da mark.kt-highlight, .wp-block-kadence-advancedheading.kt-adv-heading77_abdb22-da[data-kb-block=\"kb-adv-heading77_abdb22-da\"] mark.kt-highlight{font-style:normal;color:#f76a0c;-webkit-box-decoration-break:clone;box-decoration-break:clone;padding-top:0px;padding-right:0px;padding-bottom:0px;padding-left:0px;}.wp-block-kadence-advancedheading.kt-adv-heading77_abdb22-da img.kb-inline-image, .wp-block-kadence-advancedheading.kt-adv-heading77_abdb22-da[data-kb-block=\"kb-adv-heading77_abdb22-da\"] img.kb-inline-image{width:150px;vertical-align:baseline;}<\/style>\n<p class=\"kt-adv-heading77_abdb22-da wp-block-kadence-advancedheading\" data-kb-block=\"kb-adv-heading77_abdb22-da\">Le droit d\u2019auteur ainsi que tout autre droit sur les textes, les images, les photos ou les donn\u00e9es inclus dans le site web, sont d\u00e9tenus exclusivement par l\u2019exploitant du site web ou les titulaires de droits mentionn\u00e9s. La reproduction d\u2019un quelconque \u00e9l\u00e9ment requiert l\u2019autorisation \u00e9crite des titulaires du droit d\u2019auteur. La reproduction d\u2019\u00e9l\u00e9ments n\u00e9cessite l\u2019accord \u00e9crit des d\u00e9tenteurs des droits d\u2019auteur.<\/p>\n","protected":false},"excerpt":{"rendered":"<p>MENTIONS L\u00c9GALES Organisme responsable Si\u00e8ge Swiss4net Holding AGUnterm\u00fcli 116302 Zug, Suisse T\u00e9l\u00e9phone: +41 43 546 40 01Courriel: info[at]swiss4neth.ch Repr\u00e9sent\u00e9e par Directeur g\u00e9n\u00e9ral \/ Conseil d&rsquo;administrationRoger Heggli (D\u00e9l\u00e9gu\u00e9 \u00e0 la protection des donn\u00e9es) Num\u00e9ros IDE \/ TVASwiss4net Holding AG: CHE-471.121.429Ascona4net SA: CHE-455.902.664Baden4net AG: CHE-444.394.284Chiasso4net SA: CHE-115.934.260Massagno4net SA: CHE-488.335.789Morges4net SA: CHE-472.222.518Pully4net SA: CHE-233.406.657Siggenthal4net AG: CHE-237.348.622Wettingen4net AG: CHE-289.740.571&#8230;<\/p>\n","protected":false},"author":1,"featured_media":0,"parent":0,"menu_order":0,"comment_status":"closed","ping_status":"closed","template":"","meta":{"_kad_blocks_custom_css":"","_kad_blocks_head_custom_js":"","_kad_blocks_body_custom_js":"","_kad_blocks_footer_custom_js":"","_kadence_starter_templates_imported_post":false,"_kad_post_transparent":"","_kad_post_title":"","_kad_post_layout":"","_kad_post_sidebar_id":"","_kad_post_content_style":"","_kad_post_vertical_padding":"","_kad_post_feature":"","_kad_post_feature_position":"","_kad_post_header":false,"_kad_post_footer":false,"_kad_post_classname":"","footnotes":""},"class_list":["post-277","page","type-page","status-publish","hentry"],"yoast_head":"<!-- This site is optimized with the Yoast SEO plugin v27.4 - https:\/\/yoast.com\/product\/yoast-seo-wordpress\/ -->\n<title>Mentions l\u00e9gales | Swiss4net Holding AG<\/title>\n<meta name=\"description\" content=\"Mentions l\u00e9gales Swiss4net Holding AG: mentions l\u00e9gales et identification du fournisseur de Swiss4net Holding AG. Informations relatives \u00e0 la responsabilit\u00e9, aux droits d\u2019auteur et aux liens externes.\" \/>\n<meta name=\"robots\" content=\"noindex, follow, max-snippet:-1, max-image-preview:large, max-video-preview:-1\" \/>\n<meta property=\"og:locale\" content=\"fr_FR\" \/>\n<meta property=\"og:type\" content=\"article\" \/>\n<meta property=\"og:title\" content=\"Mentions l\u00e9gales | Swiss4net Holding AG\" \/>\n<meta property=\"og:description\" content=\"Mentions l\u00e9gales Swiss4net Holding AG: mentions l\u00e9gales et identification du fournisseur de Swiss4net Holding AG. Informations relatives \u00e0 la responsabilit\u00e9, aux droits d\u2019auteur et aux liens externes.\" \/>\n<meta property=\"og:url\" content=\"https:\/\/wp.swiss4net.ch\/fr\/mentions-legales\/\" \/>\n<meta property=\"og:site_name\" content=\"Swiss4net Holding AG\" \/>\n<meta property=\"article:modified_time\" content=\"2025-11-25T10:21:49+00:00\" \/>\n<meta name=\"twitter:card\" content=\"summary_large_image\" \/>\n<meta name=\"twitter:label1\" content=\"Dur\u00e9e de lecture estim\u00e9e\" \/>\n\t<meta name=\"twitter:data1\" content=\"2 minutes\" \/>\n<script type=\"application\/ld+json\" class=\"yoast-schema-graph\">{\"@context\":\"https:\\\/\\\/schema.org\",\"@graph\":[{\"@type\":\"WebPage\",\"@id\":\"https:\\\/\\\/wp.swiss4net.ch\\\/fr\\\/mentions-legales\\\/\",\"url\":\"https:\\\/\\\/wp.swiss4net.ch\\\/fr\\\/mentions-legales\\\/\",\"name\":\"Mentions l\u00e9gales | Swiss4net Holding AG\",\"isPartOf\":{\"@id\":\"https:\\\/\\\/wp.swiss4net.ch\\\/fr\\\/#website\"},\"datePublished\":\"2025-09-12T12:27:46+00:00\",\"dateModified\":\"2025-11-25T10:21:49+00:00\",\"description\":\"Mentions l\u00e9gales Swiss4net Holding AG: mentions l\u00e9gales et identification du fournisseur de Swiss4net Holding AG. Informations relatives \u00e0 la responsabilit\u00e9, aux droits d\u2019auteur et aux liens externes.\",\"breadcrumb\":{\"@id\":\"https:\\\/\\\/wp.swiss4net.ch\\\/fr\\\/mentions-legales\\\/#breadcrumb\"},\"inLanguage\":\"fr-FR\",\"potentialAction\":[{\"@type\":\"ReadAction\",\"target\":[\"https:\\\/\\\/wp.swiss4net.ch\\\/fr\\\/mentions-legales\\\/\"]}]},{\"@type\":\"BreadcrumbList\",\"@id\":\"https:\\\/\\\/wp.swiss4net.ch\\\/fr\\\/mentions-legales\\\/#breadcrumb\",\"itemListElement\":[{\"@type\":\"ListItem\",\"position\":1,\"name\":\"Startseite\",\"item\":\"https:\\\/\\\/wp.swiss4net.ch\\\/fr\\\/home\\\/\"},{\"@type\":\"ListItem\",\"position\":2,\"name\":\"Mentions l\u00e9gales\"}]},{\"@type\":\"WebSite\",\"@id\":\"https:\\\/\\\/wp.swiss4net.ch\\\/fr\\\/#website\",\"url\":\"https:\\\/\\\/wp.swiss4net.ch\\\/fr\\\/\",\"name\":\"Swiss4net Holding AG\",\"description\":\"Swiss4net Webseiten\",\"publisher\":{\"@id\":\"https:\\\/\\\/wp.swiss4net.ch\\\/fr\\\/#organization\"},\"potentialAction\":[{\"@type\":\"SearchAction\",\"target\":{\"@type\":\"EntryPoint\",\"urlTemplate\":\"https:\\\/\\\/wp.swiss4net.ch\\\/fr\\\/?s={search_term_string}\"},\"query-input\":{\"@type\":\"PropertyValueSpecification\",\"valueRequired\":true,\"valueName\":\"search_term_string\"}}],\"inLanguage\":\"fr-FR\"},{\"@type\":\"Organization\",\"@id\":\"https:\\\/\\\/wp.swiss4net.ch\\\/fr\\\/#organization\",\"name\":\"Swiss4net Holding AG\",\"url\":\"https:\\\/\\\/wp.swiss4net.ch\\\/fr\\\/\",\"logo\":{\"@type\":\"ImageObject\",\"inLanguage\":\"fr-FR\",\"@id\":\"https:\\\/\\\/wp.swiss4net.ch\\\/fr\\\/#\\\/schema\\\/logo\\\/image\\\/\",\"url\":\"https:\\\/\\\/wp.swiss4net.ch\\\/wp-content\\\/uploads\\\/2025\\\/09\\\/swiss4net-logo.svg\",\"contentUrl\":\"https:\\\/\\\/wp.swiss4net.ch\\\/wp-content\\\/uploads\\\/2025\\\/09\\\/swiss4net-logo.svg\",\"width\":1,\"height\":1,\"caption\":\"Swiss4net Holding AG\"},\"image\":{\"@id\":\"https:\\\/\\\/wp.swiss4net.ch\\\/fr\\\/#\\\/schema\\\/logo\\\/image\\\/\"}}]}<\/script>\n<!-- \/ Yoast SEO plugin. -->","yoast_head_json":{"title":"Mentions l\u00e9gales | Swiss4net Holding AG","description":"Mentions l\u00e9gales Swiss4net Holding AG: mentions l\u00e9gales et identification du fournisseur de Swiss4net Holding AG. Informations relatives \u00e0 la responsabilit\u00e9, aux droits d\u2019auteur et aux liens externes.","robots":{"index":"noindex","follow":"follow","max-snippet":"max-snippet:-1","max-image-preview":"max-image-preview:large","max-video-preview":"max-video-preview:-1"},"og_locale":"fr_FR","og_type":"article","og_title":"Mentions l\u00e9gales | Swiss4net Holding AG","og_description":"Mentions l\u00e9gales Swiss4net Holding AG: mentions l\u00e9gales et identification du fournisseur de Swiss4net Holding AG. Informations relatives \u00e0 la responsabilit\u00e9, aux droits d\u2019auteur et aux liens externes.","og_url":"https:\/\/wp.swiss4net.ch\/fr\/mentions-legales\/","og_site_name":"Swiss4net Holding AG","article_modified_time":"2025-11-25T10:21:49+00:00","twitter_card":"summary_large_image","twitter_misc":{"Dur\u00e9e de lecture estim\u00e9e":"2 minutes"},"schema":{"@context":"https:\/\/schema.org","@graph":[{"@type":"WebPage","@id":"https:\/\/wp.swiss4net.ch\/fr\/mentions-legales\/","url":"https:\/\/wp.swiss4net.ch\/fr\/mentions-legales\/","name":"Mentions l\u00e9gales | Swiss4net Holding AG","isPartOf":{"@id":"https:\/\/wp.swiss4net.ch\/fr\/#website"},"datePublished":"2025-09-12T12:27:46+00:00","dateModified":"2025-11-25T10:21:49+00:00","description":"Mentions l\u00e9gales Swiss4net Holding AG: mentions l\u00e9gales et identification du fournisseur de Swiss4net Holding AG. Informations relatives \u00e0 la responsabilit\u00e9, aux droits d\u2019auteur et aux liens externes.","breadcrumb":{"@id":"https:\/\/wp.swiss4net.ch\/fr\/mentions-legales\/#breadcrumb"},"inLanguage":"fr-FR","potentialAction":[{"@type":"ReadAction","target":["https:\/\/wp.swiss4net.ch\/fr\/mentions-legales\/"]}]},{"@type":"BreadcrumbList","@id":"https:\/\/wp.swiss4net.ch\/fr\/mentions-legales\/#breadcrumb","itemListElement":[{"@type":"ListItem","position":1,"name":"Startseite","item":"https:\/\/wp.swiss4net.ch\/fr\/home\/"},{"@type":"ListItem","position":2,"name":"Mentions l\u00e9gales"}]},{"@type":"WebSite","@id":"https:\/\/wp.swiss4net.ch\/fr\/#website","url":"https:\/\/wp.swiss4net.ch\/fr\/","name":"Swiss4net Holding AG","description":"Swiss4net Webseiten","publisher":{"@id":"https:\/\/wp.swiss4net.ch\/fr\/#organization"},"potentialAction":[{"@type":"SearchAction","target":{"@type":"EntryPoint","urlTemplate":"https:\/\/wp.swiss4net.ch\/fr\/?s={search_term_string}"},"query-input":{"@type":"PropertyValueSpecification","valueRequired":true,"valueName":"search_term_string"}}],"inLanguage":"fr-FR"},{"@type":"Organization","@id":"https:\/\/wp.swiss4net.ch\/fr\/#organization","name":"Swiss4net Holding AG","url":"https:\/\/wp.swiss4net.ch\/fr\/","logo":{"@type":"ImageObject","inLanguage":"fr-FR","@id":"https:\/\/wp.swiss4net.ch\/fr\/#\/schema\/logo\/image\/","url":"https:\/\/wp.swiss4net.ch\/wp-content\/uploads\/2025\/09\/swiss4net-logo.svg","contentUrl":"https:\/\/wp.swiss4net.ch\/wp-content\/uploads\/2025\/09\/swiss4net-logo.svg","width":1,"height":1,"caption":"Swiss4net Holding AG"},"image":{"@id":"https:\/\/wp.swiss4net.ch\/fr\/#\/schema\/logo\/image\/"}}]}},"taxonomy_info":[],"featured_image_src_large":false,"author_info":{"display_name":"Laetitia.Mury","author_link":"https:\/\/wp.swiss4net.ch\/fr\/author\/laetitia-mury\/"},"comment_info":"","_links":{"self":[{"href":"https:\/\/wp.swiss4net.ch\/fr\/wp-json\/wp\/v2\/pages\/277","targetHints":{"allow":["GET"]}}],"collection":[{"href":"https:\/\/wp.swiss4net.ch\/fr\/wp-json\/wp\/v2\/pages"}],"about":[{"href":"https:\/\/wp.swiss4net.ch\/fr\/wp-json\/wp\/v2\/types\/page"}],"author":[{"embeddable":true,"href":"https:\/\/wp.swiss4net.ch\/fr\/wp-json\/wp\/v2\/users\/1"}],"replies":[{"embeddable":true,"href":"https:\/\/wp.swiss4net.ch\/fr\/wp-json\/wp\/v2\/comments?post=277"}],"version-history":[{"count":4,"href":"https:\/\/wp.swiss4net.ch\/fr\/wp-json\/wp\/v2\/pages\/277\/revisions"}],"predecessor-version":[{"id":282,"href":"https:\/\/wp.swiss4net.ch\/fr\/wp-json\/wp\/v2\/pages\/277\/revisions\/282"}],"wp:attachment":[{"href":"https:\/\/wp.swiss4net.ch\/fr\/wp-json\/wp\/v2\/media?parent=277"}],"curies":[{"name":"wp","href":"https:\/\/api.w.org\/{rel}","templated":true}]}}