{"id":283,"date":"2025-09-12T14:27:46","date_gmt":"2025-09-12T12:27:46","guid":{"rendered":"https:\/\/wp.swiss4net.ch\/colofone\/"},"modified":"2025-11-25T11:23:06","modified_gmt":"2025-11-25T10:23:06","slug":"colofone","status":"publish","type":"page","link":"https:\/\/wp.swiss4net.ch\/it\/colofone\/","title":{"rendered":"Colofone"},"content":{"rendered":"\n<h1 class=\"wp-block-heading has-text-align-center\">Colofone<\/h1>\n\n<h2 class=\"wp-block-heading\">Organismo responsabile<\/h2>\n<style>.kb-row-layout-id77_877b96-4e > .kt-row-column-wrap{align-content:start;}:where(.kb-row-layout-id77_877b96-4e > .kt-row-column-wrap) > .wp-block-kadence-column{justify-content:start;}.kb-row-layout-id77_877b96-4e > .kt-row-column-wrap{column-gap:var(--global-kb-gap-md, 2rem);row-gap:var(--global-kb-gap-md, 2rem);padding-top:var(--global-kb-spacing-sm, 1.5rem);padding-bottom:var(--global-kb-spacing-sm, 1.5rem);grid-template-columns:repeat(2, minmax(0, 1fr));}.kb-row-layout-id77_877b96-4e > .kt-row-layout-overlay{opacity:0.30;}@media all and (max-width: 1024px){.kb-row-layout-id77_877b96-4e > .kt-row-column-wrap{grid-template-columns:repeat(2, minmax(0, 1fr));}}@media all and (max-width: 767px){.kb-row-layout-id77_877b96-4e > .kt-row-column-wrap{grid-template-columns:minmax(0, 1fr);}}<\/style><div class=\"kb-row-layout-wrap kb-row-layout-id77_877b96-4e alignnone wp-block-kadence-rowlayout\"><div class=\"kt-row-column-wrap kt-has-2-columns kt-row-layout-equal kt-tab-layout-inherit kt-mobile-layout-row kt-row-valign-top\">\n<style>.kadence-column77_2c5922-38 > .kt-inside-inner-col,.kadence-column77_2c5922-38 > .kt-inside-inner-col:before{border-top-left-radius:0px;border-top-right-radius:0px;border-bottom-right-radius:0px;border-bottom-left-radius:0px;}.kadence-column77_2c5922-38 > .kt-inside-inner-col{column-gap:var(--global-kb-gap-sm, 1rem);}.kadence-column77_2c5922-38 > .kt-inside-inner-col{flex-direction:column;}.kadence-column77_2c5922-38 > .kt-inside-inner-col > .aligncenter{width:100%;}.kadence-column77_2c5922-38 > .kt-inside-inner-col:before{opacity:0.3;}.kadence-column77_2c5922-38{position:relative;}@media all and (max-width: 1024px){.kadence-column77_2c5922-38 > .kt-inside-inner-col{flex-direction:column;justify-content:center;}}@media all and (max-width: 767px){.kadence-column77_2c5922-38 > .kt-inside-inner-col{flex-direction:column;justify-content:center;}}<\/style>\n<div class=\"wp-block-kadence-column kadence-column77_2c5922-38\"><div class=\"kt-inside-inner-col\">\n<h3 class=\"wp-block-heading\">sede<\/h3>\n\n\n\n<p class=\"has-theme-palette-5-color has-text-color has-link-color wp-elements-ee0b7da3258e75039fa4063714f09ba6\">Swiss4net Holding AG<br\/>Unterm\u00fcli 11<br\/>6302 Zugo, Svizzera<\/p>\n\n\n\n<p class=\"has-theme-palette-5-color has-text-color has-link-color wp-elements-0b8add1871f4c561abba722d6d18a5f0\">Telefono: +41 43 546 40 01<br\/>E-mail: <a href=\"mailto:info@swiss4neth.ch\">info[at]swiss4neth.ch<\/a><\/p>\n<\/div><\/div>\n\n\n<style>.kadence-column77_73217e-36 > .kt-inside-inner-col,.kadence-column77_73217e-36 > .kt-inside-inner-col:before{border-top-left-radius:0px;border-top-right-radius:0px;border-bottom-right-radius:0px;border-bottom-left-radius:0px;}.kadence-column77_73217e-36 > .kt-inside-inner-col{column-gap:var(--global-kb-gap-sm, 1rem);}.kadence-column77_73217e-36 > .kt-inside-inner-col{flex-direction:column;}.kadence-column77_73217e-36 > .kt-inside-inner-col > .aligncenter{width:100%;}.kadence-column77_73217e-36 > .kt-inside-inner-col:before{opacity:0.3;}.kadence-column77_73217e-36{position:relative;}@media all and (max-width: 1024px){.kadence-column77_73217e-36 > .kt-inside-inner-col{flex-direction:column;justify-content:center;}}@media all and (max-width: 767px){.kadence-column77_73217e-36 > .kt-inside-inner-col{flex-direction:column;justify-content:center;}}<\/style>\n<div class=\"wp-block-kadence-column kadence-column77_73217e-36\"><div class=\"kt-inside-inner-col\">\n<h3 class=\"wp-block-heading\">rappresentata daVertreten durch<\/h3>\n\n\n\n<p><strong>Direttore \/ Consiglio di amministrazione<\/strong><br\/>Roger Heggli (responsabile della protezione dei dati)<\/p>\n\n\n<style>.wp-block-kadence-advancedheading.kt-adv-heading77_114a87-2b, .wp-block-kadence-advancedheading.kt-adv-heading77_114a87-2b[data-kb-block=\"kb-adv-heading77_114a87-2b\"]{font-style:normal;}.wp-block-kadence-advancedheading.kt-adv-heading77_114a87-2b mark.kt-highlight, .wp-block-kadence-advancedheading.kt-adv-heading77_114a87-2b[data-kb-block=\"kb-adv-heading77_114a87-2b\"] mark.kt-highlight{font-style:normal;color:#f76a0c;-webkit-box-decoration-break:clone;box-decoration-break:clone;padding-top:0px;padding-right:0px;padding-bottom:0px;padding-left:0px;}.wp-block-kadence-advancedheading.kt-adv-heading77_114a87-2b img.kb-inline-image, .wp-block-kadence-advancedheading.kt-adv-heading77_114a87-2b[data-kb-block=\"kb-adv-heading77_114a87-2b\"] img.kb-inline-image{width:150px;vertical-align:baseline;}<\/style>\n<p class=\"kt-adv-heading77_114a87-2b wp-block-kadence-advancedheading\" data-kb-block=\"kb-adv-heading77_114a87-2b\"><strong>IDI \/ IVA<\/strong><br\/>Swiss4net Holding AG: CHE-471.121.429<br\/>Ascona4net SA: CHE-455.902.664<br\/>Baden4net AG: CHE-444.394.284<br\/>Chiasso4net SA: CHE-115.934.260<br\/>Massagno4net SA: CHE-488.335.789<br\/>Morges4net SA: CHE-472.222.518<br\/>Pully4net SA: CHE-233.406.657<br\/>Siggenthal4net AG: CHE-237.348.622<br\/>Wettingen4net AG: CHE-289.740.571<\/p>\n<\/div><\/div>\n\n<\/div><\/div><style>.wp-block-kadence-spacer.kt-block-spacer-77_626502-bf .kt-block-spacer{height:60px;}.wp-block-kadence-spacer.kt-block-spacer-77_626502-bf .kt-divider{border-top-width:1px;height:1px;border-top-color:#eee;width:80%;border-top-style:solid;}<\/style>\n<div class=\"wp-block-kadence-spacer aligncenter kt-block-spacer-77_626502-bf\"><div class=\"kt-block-spacer kt-block-spacer-halign-center\"><hr class=\"kt-divider\"\/><\/div><\/div>\n\n<h2 class=\"wp-block-heading\">Esonero di responsabilit\u00e0<\/h2>\n<style>.wp-block-kadence-advancedheading.kt-adv-heading77_09d0b9-35, .wp-block-kadence-advancedheading.kt-adv-heading77_09d0b9-35[data-kb-block=\"kb-adv-heading77_09d0b9-35\"]{font-style:normal;}.wp-block-kadence-advancedheading.kt-adv-heading77_09d0b9-35 mark.kt-highlight, .wp-block-kadence-advancedheading.kt-adv-heading77_09d0b9-35[data-kb-block=\"kb-adv-heading77_09d0b9-35\"] mark.kt-highlight{font-style:normal;color:#f76a0c;-webkit-box-decoration-break:clone;box-decoration-break:clone;padding-top:0px;padding-right:0px;padding-bottom:0px;padding-left:0px;}.wp-block-kadence-advancedheading.kt-adv-heading77_09d0b9-35 img.kb-inline-image, .wp-block-kadence-advancedheading.kt-adv-heading77_09d0b9-35[data-kb-block=\"kb-adv-heading77_09d0b9-35\"] img.kb-inline-image{width:150px;vertical-align:baseline;}<\/style>\n<p class=\"kt-adv-heading77_09d0b9-35 wp-block-kadence-advancedheading\" data-kb-block=\"kb-adv-heading77_09d0b9-35\">L\u2019operatore del sito Web non assume alcuna responsabilit\u00e0 circa la correttezza del contenuto l\u2019esattezza l\u2019attualit\u00e0, la completezza o l\u2019affidabilit\u00e0 delle informazioni pubblicate.<\/p>\n<style>.wp-block-kadence-advancedheading.kt-adv-heading77_7144a9-97, .wp-block-kadence-advancedheading.kt-adv-heading77_7144a9-97[data-kb-block=\"kb-adv-heading77_7144a9-97\"]{font-style:normal;}.wp-block-kadence-advancedheading.kt-adv-heading77_7144a9-97 mark.kt-highlight, .wp-block-kadence-advancedheading.kt-adv-heading77_7144a9-97[data-kb-block=\"kb-adv-heading77_7144a9-97\"] mark.kt-highlight{font-style:normal;color:#f76a0c;-webkit-box-decoration-break:clone;box-decoration-break:clone;padding-top:0px;padding-right:0px;padding-bottom:0px;padding-left:0px;}.wp-block-kadence-advancedheading.kt-adv-heading77_7144a9-97 img.kb-inline-image, .wp-block-kadence-advancedheading.kt-adv-heading77_7144a9-97[data-kb-block=\"kb-adv-heading77_7144a9-97\"] img.kb-inline-image{width:150px;vertical-align:baseline;}<\/style>\n<p class=\"kt-adv-heading77_7144a9-97 wp-block-kadence-advancedheading\" data-kb-block=\"kb-adv-heading77_7144a9-97\">Sono escluse eventuali richieste di garanzie nei confronti dei Gestori del sito Web a causa di danni materiali o immateriali di qualsiasi specie, derivanti dalla visita, dall\u2019uso o anche dal mancato uso dei dati forniti, a causa di un uso errato della connessione Internet o a causa di possibili errori tecnici.<\/p>\n<style>.wp-block-kadence-advancedheading.kt-adv-heading77_149c09-23, .wp-block-kadence-advancedheading.kt-adv-heading77_149c09-23[data-kb-block=\"kb-adv-heading77_149c09-23\"]{font-style:normal;}.wp-block-kadence-advancedheading.kt-adv-heading77_149c09-23 mark.kt-highlight, .wp-block-kadence-advancedheading.kt-adv-heading77_149c09-23[data-kb-block=\"kb-adv-heading77_149c09-23\"] mark.kt-highlight{font-style:normal;color:#f76a0c;-webkit-box-decoration-break:clone;box-decoration-break:clone;padding-top:0px;padding-right:0px;padding-bottom:0px;padding-left:0px;}.wp-block-kadence-advancedheading.kt-adv-heading77_149c09-23 img.kb-inline-image, .wp-block-kadence-advancedheading.kt-adv-heading77_149c09-23[data-kb-block=\"kb-adv-heading77_149c09-23\"] img.kb-inline-image{width:150px;vertical-align:baseline;}<\/style>\n<p class=\"kt-adv-heading77_149c09-23 wp-block-kadence-advancedheading\" data-kb-block=\"kb-adv-heading77_149c09-23\">Tutte le offerte pubblicate hanno un carattere non vincolante. Il gestore del sito ha il diritto di modificare, integrare, cancellare parti di pagine Web o anche l\u2019intero contenuto senza preavviso, o interrompere parzialmente o completamente la pubblicazione. <\/p>\n\n<h2 class=\"wp-block-heading\">Responsabilit\u00e0 per i link<\/h2>\n<style>.wp-block-kadence-advancedheading.kt-adv-heading77_f636e3-14, .wp-block-kadence-advancedheading.kt-adv-heading77_f636e3-14[data-kb-block=\"kb-adv-heading77_f636e3-14\"]{font-style:normal;}.wp-block-kadence-advancedheading.kt-adv-heading77_f636e3-14 mark.kt-highlight, .wp-block-kadence-advancedheading.kt-adv-heading77_f636e3-14[data-kb-block=\"kb-adv-heading77_f636e3-14\"] mark.kt-highlight{font-style:normal;color:#f76a0c;-webkit-box-decoration-break:clone;box-decoration-break:clone;padding-top:0px;padding-right:0px;padding-bottom:0px;padding-left:0px;}.wp-block-kadence-advancedheading.kt-adv-heading77_f636e3-14 img.kb-inline-image, .wp-block-kadence-advancedheading.kt-adv-heading77_f636e3-14[data-kb-block=\"kb-adv-heading77_f636e3-14\"] img.kb-inline-image{width:150px;vertical-align:baseline;}<\/style>\n<p class=\"kt-adv-heading77_f636e3-14 wp-block-kadence-advancedheading\" data-kb-block=\"kb-adv-heading77_f636e3-14\">I collegamenti a siti Web di terze parti e i riferimenti ad essi sono al di fuori della responsabilit\u00e0 del gestore del sito. Qualsiasi responsabilit\u00e0 per il contenuto di questi siti \u00e8 respinta. Chiunque effettui l\u2019accesso a siti Web di di terze parti, li visiti o li utilizzi, lo fa approprio rischio e pericolo.  <\/p>\n\n<h2 class=\"wp-block-heading\">Urheberrechte<\/h2>\n<style>.wp-block-kadence-advancedheading.kt-adv-heading77_abdb22-da, .wp-block-kadence-advancedheading.kt-adv-heading77_abdb22-da[data-kb-block=\"kb-adv-heading77_abdb22-da\"]{font-style:normal;}.wp-block-kadence-advancedheading.kt-adv-heading77_abdb22-da mark.kt-highlight, .wp-block-kadence-advancedheading.kt-adv-heading77_abdb22-da[data-kb-block=\"kb-adv-heading77_abdb22-da\"] mark.kt-highlight{font-style:normal;color:#f76a0c;-webkit-box-decoration-break:clone;box-decoration-break:clone;padding-top:0px;padding-right:0px;padding-bottom:0px;padding-left:0px;}.wp-block-kadence-advancedheading.kt-adv-heading77_abdb22-da img.kb-inline-image, .wp-block-kadence-advancedheading.kt-adv-heading77_abdb22-da[data-kb-block=\"kb-adv-heading77_abdb22-da\"] img.kb-inline-image{width:150px;vertical-align:baseline;}<\/style>\n<p class=\"kt-adv-heading77_abdb22-da wp-block-kadence-advancedheading\" data-kb-block=\"kb-adv-heading77_abdb22-da\">Il copyright e anche tutti gli altri diritti pertesti, immagini, foto o file sul sito Web appartengono esclusivamente all\u2019operatore della pagina Web o ai titolari di diritti specificati. La riproduzione di elementi richiede il consenso scritto dei titolari del copyright. <\/p>\n","protected":false},"excerpt":{"rendered":"<p>Colofone Organismo responsabile sede Swiss4net Holding AGUnterm\u00fcli 116302 Zugo, Svizzera Telefono: +41 43 546 40 01E-mail: info[at]swiss4neth.ch rappresentata daVertreten durch Direttore \/ Consiglio di amministrazioneRoger Heggli (responsabile della protezione dei dati) IDI \/ IVASwiss4net Holding AG: CHE-471.121.429Ascona4net SA: CHE-455.902.664Baden4net AG: CHE-444.394.284Chiasso4net SA: CHE-115.934.260Massagno4net SA: CHE-488.335.789Morges4net SA: CHE-472.222.518Pully4net SA: CHE-233.406.657Siggenthal4net AG: CHE-237.348.622Wettingen4net AG: CHE-289.740.571 Esonero di&#8230;<\/p>\n","protected":false},"author":1,"featured_media":0,"parent":0,"menu_order":0,"comment_status":"closed","ping_status":"closed","template":"","meta":{"_kad_blocks_custom_css":"","_kad_blocks_head_custom_js":"","_kad_blocks_body_custom_js":"","_kad_blocks_footer_custom_js":"","_kadence_starter_templates_imported_post":false,"_kad_post_transparent":"","_kad_post_title":"","_kad_post_layout":"","_kad_post_sidebar_id":"","_kad_post_content_style":"","_kad_post_vertical_padding":"","_kad_post_feature":"","_kad_post_feature_position":"","_kad_post_header":false,"_kad_post_footer":false,"_kad_post_classname":"","footnotes":""},"class_list":["post-283","page","type-page","status-publish","hentry"],"yoast_head":"<!-- This site is optimized with the Yoast SEO plugin v27.4 - https:\/\/yoast.com\/product\/yoast-seo-wordpress\/ -->\n<title>Colofone | Swiss4net Holding AG<\/title>\n<meta name=\"description\" content=\"Impressum Swiss4net Holding AG: note legali e identificazione del fornitore Swiss4net Holding AG. Informazioni su responsabilit\u00e0, diritti d&#039;autore e link esterni.\" \/>\n<meta name=\"robots\" content=\"noindex, follow, max-snippet:-1, max-image-preview:large, max-video-preview:-1\" \/>\n<meta property=\"og:locale\" content=\"it_IT\" \/>\n<meta property=\"og:type\" content=\"article\" \/>\n<meta property=\"og:title\" content=\"Colofone | Swiss4net Holding AG\" \/>\n<meta property=\"og:description\" content=\"Impressum Swiss4net Holding AG: note legali e identificazione del fornitore Swiss4net Holding AG. Informazioni su responsabilit\u00e0, diritti d&#039;autore e link esterni.\" \/>\n<meta property=\"og:url\" content=\"https:\/\/wp.swiss4net.ch\/it\/colofone\/\" \/>\n<meta property=\"og:site_name\" content=\"Swiss4net Holding AG\" \/>\n<meta property=\"article:modified_time\" content=\"2025-11-25T10:23:06+00:00\" \/>\n<meta name=\"twitter:card\" content=\"summary_large_image\" \/>\n<meta name=\"twitter:label1\" content=\"Tempo di lettura stimato\" \/>\n\t<meta name=\"twitter:data1\" content=\"1 minuto\" \/>\n<script type=\"application\/ld+json\" class=\"yoast-schema-graph\">{\"@context\":\"https:\\\/\\\/schema.org\",\"@graph\":[{\"@type\":\"WebPage\",\"@id\":\"https:\\\/\\\/wp.swiss4net.ch\\\/it\\\/colofone\\\/\",\"url\":\"https:\\\/\\\/wp.swiss4net.ch\\\/it\\\/colofone\\\/\",\"name\":\"Colofone | Swiss4net Holding AG\",\"isPartOf\":{\"@id\":\"https:\\\/\\\/wp.swiss4net.ch\\\/it\\\/#website\"},\"datePublished\":\"2025-09-12T12:27:46+00:00\",\"dateModified\":\"2025-11-25T10:23:06+00:00\",\"description\":\"Impressum Swiss4net Holding AG: note legali e identificazione del fornitore Swiss4net Holding AG. Informazioni su responsabilit\u00e0, diritti d'autore e link esterni.\",\"breadcrumb\":{\"@id\":\"https:\\\/\\\/wp.swiss4net.ch\\\/it\\\/colofone\\\/#breadcrumb\"},\"inLanguage\":\"it-IT\",\"potentialAction\":[{\"@type\":\"ReadAction\",\"target\":[\"https:\\\/\\\/wp.swiss4net.ch\\\/it\\\/colofone\\\/\"]}]},{\"@type\":\"BreadcrumbList\",\"@id\":\"https:\\\/\\\/wp.swiss4net.ch\\\/it\\\/colofone\\\/#breadcrumb\",\"itemListElement\":[{\"@type\":\"ListItem\",\"position\":1,\"name\":\"Startseite\",\"item\":\"https:\\\/\\\/wp.swiss4net.ch\\\/it\\\/home\\\/\"},{\"@type\":\"ListItem\",\"position\":2,\"name\":\"Colofone\"}]},{\"@type\":\"WebSite\",\"@id\":\"https:\\\/\\\/wp.swiss4net.ch\\\/it\\\/#website\",\"url\":\"https:\\\/\\\/wp.swiss4net.ch\\\/it\\\/\",\"name\":\"Swiss4net Holding AG\",\"description\":\"Swiss4net Webseiten\",\"publisher\":{\"@id\":\"https:\\\/\\\/wp.swiss4net.ch\\\/it\\\/#organization\"},\"potentialAction\":[{\"@type\":\"SearchAction\",\"target\":{\"@type\":\"EntryPoint\",\"urlTemplate\":\"https:\\\/\\\/wp.swiss4net.ch\\\/it\\\/?s={search_term_string}\"},\"query-input\":{\"@type\":\"PropertyValueSpecification\",\"valueRequired\":true,\"valueName\":\"search_term_string\"}}],\"inLanguage\":\"it-IT\"},{\"@type\":\"Organization\",\"@id\":\"https:\\\/\\\/wp.swiss4net.ch\\\/it\\\/#organization\",\"name\":\"Swiss4net Holding AG\",\"url\":\"https:\\\/\\\/wp.swiss4net.ch\\\/it\\\/\",\"logo\":{\"@type\":\"ImageObject\",\"inLanguage\":\"it-IT\",\"@id\":\"https:\\\/\\\/wp.swiss4net.ch\\\/it\\\/#\\\/schema\\\/logo\\\/image\\\/\",\"url\":\"https:\\\/\\\/wp.swiss4net.ch\\\/wp-content\\\/uploads\\\/2025\\\/09\\\/swiss4net-logo.svg\",\"contentUrl\":\"https:\\\/\\\/wp.swiss4net.ch\\\/wp-content\\\/uploads\\\/2025\\\/09\\\/swiss4net-logo.svg\",\"width\":1,\"height\":1,\"caption\":\"Swiss4net Holding AG\"},\"image\":{\"@id\":\"https:\\\/\\\/wp.swiss4net.ch\\\/it\\\/#\\\/schema\\\/logo\\\/image\\\/\"}}]}<\/script>\n<!-- \/ Yoast SEO plugin. -->","yoast_head_json":{"title":"Colofone | Swiss4net Holding AG","description":"Impressum Swiss4net Holding AG: note legali e identificazione del fornitore Swiss4net Holding AG. Informazioni su responsabilit\u00e0, diritti d'autore e link esterni.","robots":{"index":"noindex","follow":"follow","max-snippet":"max-snippet:-1","max-image-preview":"max-image-preview:large","max-video-preview":"max-video-preview:-1"},"og_locale":"it_IT","og_type":"article","og_title":"Colofone | Swiss4net Holding AG","og_description":"Impressum Swiss4net Holding AG: note legali e identificazione del fornitore Swiss4net Holding AG. Informazioni su responsabilit\u00e0, diritti d'autore e link esterni.","og_url":"https:\/\/wp.swiss4net.ch\/it\/colofone\/","og_site_name":"Swiss4net Holding AG","article_modified_time":"2025-11-25T10:23:06+00:00","twitter_card":"summary_large_image","twitter_misc":{"Tempo di lettura stimato":"1 minuto"},"schema":{"@context":"https:\/\/schema.org","@graph":[{"@type":"WebPage","@id":"https:\/\/wp.swiss4net.ch\/it\/colofone\/","url":"https:\/\/wp.swiss4net.ch\/it\/colofone\/","name":"Colofone | Swiss4net Holding AG","isPartOf":{"@id":"https:\/\/wp.swiss4net.ch\/it\/#website"},"datePublished":"2025-09-12T12:27:46+00:00","dateModified":"2025-11-25T10:23:06+00:00","description":"Impressum Swiss4net Holding AG: note legali e identificazione del fornitore Swiss4net Holding AG. Informazioni su responsabilit\u00e0, diritti d'autore e link esterni.","breadcrumb":{"@id":"https:\/\/wp.swiss4net.ch\/it\/colofone\/#breadcrumb"},"inLanguage":"it-IT","potentialAction":[{"@type":"ReadAction","target":["https:\/\/wp.swiss4net.ch\/it\/colofone\/"]}]},{"@type":"BreadcrumbList","@id":"https:\/\/wp.swiss4net.ch\/it\/colofone\/#breadcrumb","itemListElement":[{"@type":"ListItem","position":1,"name":"Startseite","item":"https:\/\/wp.swiss4net.ch\/it\/home\/"},{"@type":"ListItem","position":2,"name":"Colofone"}]},{"@type":"WebSite","@id":"https:\/\/wp.swiss4net.ch\/it\/#website","url":"https:\/\/wp.swiss4net.ch\/it\/","name":"Swiss4net Holding AG","description":"Swiss4net Webseiten","publisher":{"@id":"https:\/\/wp.swiss4net.ch\/it\/#organization"},"potentialAction":[{"@type":"SearchAction","target":{"@type":"EntryPoint","urlTemplate":"https:\/\/wp.swiss4net.ch\/it\/?s={search_term_string}"},"query-input":{"@type":"PropertyValueSpecification","valueRequired":true,"valueName":"search_term_string"}}],"inLanguage":"it-IT"},{"@type":"Organization","@id":"https:\/\/wp.swiss4net.ch\/it\/#organization","name":"Swiss4net Holding AG","url":"https:\/\/wp.swiss4net.ch\/it\/","logo":{"@type":"ImageObject","inLanguage":"it-IT","@id":"https:\/\/wp.swiss4net.ch\/it\/#\/schema\/logo\/image\/","url":"https:\/\/wp.swiss4net.ch\/wp-content\/uploads\/2025\/09\/swiss4net-logo.svg","contentUrl":"https:\/\/wp.swiss4net.ch\/wp-content\/uploads\/2025\/09\/swiss4net-logo.svg","width":1,"height":1,"caption":"Swiss4net Holding AG"},"image":{"@id":"https:\/\/wp.swiss4net.ch\/it\/#\/schema\/logo\/image\/"}}]}},"taxonomy_info":[],"featured_image_src_large":false,"author_info":{"display_name":"Laetitia.Mury","author_link":"https:\/\/wp.swiss4net.ch\/it\/author\/laetitia-mury\/"},"comment_info":"","_links":{"self":[{"href":"https:\/\/wp.swiss4net.ch\/it\/wp-json\/wp\/v2\/pages\/283","targetHints":{"allow":["GET"]}}],"collection":[{"href":"https:\/\/wp.swiss4net.ch\/it\/wp-json\/wp\/v2\/pages"}],"about":[{"href":"https:\/\/wp.swiss4net.ch\/it\/wp-json\/wp\/v2\/types\/page"}],"author":[{"embeddable":true,"href":"https:\/\/wp.swiss4net.ch\/it\/wp-json\/wp\/v2\/users\/1"}],"replies":[{"embeddable":true,"href":"https:\/\/wp.swiss4net.ch\/it\/wp-json\/wp\/v2\/comments?post=283"}],"version-history":[{"count":1,"href":"https:\/\/wp.swiss4net.ch\/it\/wp-json\/wp\/v2\/pages\/283\/revisions"}],"predecessor-version":[{"id":284,"href":"https:\/\/wp.swiss4net.ch\/it\/wp-json\/wp\/v2\/pages\/283\/revisions\/284"}],"wp:attachment":[{"href":"https:\/\/wp.swiss4net.ch\/it\/wp-json\/wp\/v2\/media?parent=283"}],"curies":[{"name":"wp","href":"https:\/\/api.w.org\/{rel}","templated":true}]}}